{"id":425,"date":"2024-01-10T12:10:38","date_gmt":"2024-01-10T12:10:38","guid":{"rendered":"https:\/\/asociacionamericanadejuristas.org\/web\/?page_id=425"},"modified":"2024-01-16T16:04:26","modified_gmt":"2024-01-16T16:04:26","slug":"estatuto","status":"publish","type":"page","link":"https:\/\/asociacionamericanadejuristas.org\/web\/estatuto\/","title":{"rendered":"Estatuto"},"content":{"rendered":"\t\t<div data-elementor-type=\"wp-page\" data-elementor-id=\"425\" class=\"elementor elementor-425\">\n\t\t\t\t<div class=\"elementor-element elementor-element-875452c e-con-full e-flex e-con e-parent\" data-id=\"875452c\" data-element_type=\"container\">\n\t\t<div class=\"elementor-element elementor-element-75bd2d4 e-con-full e-flex e-con e-child\" data-id=\"75bd2d4\" data-element_type=\"container\">\n\t\t\t\t<\/div>\n\t\t<div class=\"elementor-element elementor-element-6603172 e-con-full e-flex e-con e-child\" data-id=\"6603172\" data-element_type=\"container\">\n\t\t\t\t<div class=\"elementor-element elementor-element-67e1392 elementor-widget elementor-widget-text-editor\" data-id=\"67e1392\" data-element_type=\"widget\" data-widget_type=\"text-editor.default\">\n\t\t\t\t<div class=\"elementor-widget-container\">\n\t\t\t\t\t\t\t\t\t<h3>ESTATUTO<\/h3>\n\n<p>&nbsp;<\/p>\n\n<h3>Cap\u00edtulo I. De los Principios y Objetivos<\/h3>\n\n<strong>Art\u00edculo 1:<\/strong> La Asociaci\u00f3n Americana de Juristas se rige por el presente Estatuto.\n<br>\n<strong>Art\u00edculo 2:<\/strong> Son principios y objetivos de la Asociaci\u00f3n Americana de Juristas: a) La lucha por la autodeterminaci\u00f3n de los pueblos, la plena independencia econ\u00f3mica y la soberan\u00eda del Estado sobre sus riquezas y recursos naturales. b) La acci\u00f3n contra el imperialismo, el fascismo, el colonialismo, el neocolonialismo y contra la discriminaci\u00f3n racial, de la mujer, los pueblos originarios y minor\u00edas nacionales. c) La defensa de una paz efectiva basada en el principio de la coexistencia pac\u00edfica entre estados de diferentes sistemas sociales y econ\u00f3micos. d) La defensa y promoci\u00f3n de los derechos humanos y la concreci\u00f3n de mejores y m\u00e1s efectivas garant\u00edas de protecci\u00f3n. e) La condena y denuncia de las legislaciones existentes en pa\u00edses americanos, que contradigan o tergiversen los principios y objetivos de esta entidad. f) El establecimiento de fraternas relaciones y acciones comunes con los juristas de todo el mundo y sus organizaciones, empe\u00f1adas en similares objetivos que los enunciados en este Estatuto. g) La movilizaci\u00f3n de los juristas de los pa\u00edses americanos a fin de desarrollar una acci\u00f3n conjunta tendiente a lograr que la ciencia jur\u00eddica participe activamente en sus respectivos pa\u00edses en el proceso de cambios socioecon\u00f3micos que est\u00e9n en consonancia con los principios y objetivos aqu\u00ed enumerados. h) La defensa, efectiva protecci\u00f3n y dignificaci\u00f3n del ejercicio de la abogac\u00eda, as\u00ed como la solidaridad con los juristas perseguidos por su acci\u00f3n en pro de los principios aqu\u00ed expresados.\n\n<p>&nbsp;<\/p>\n\n<h3>Cap\u00edtulo II. De las Actividades<\/h3>\n\n<strong>Art\u00edculo 3:<\/strong> La Asociaci\u00f3n desarrolla todas aquellas actividades compatibles con sus principios y objetivos, y en especial las siguientes: a) Conferencias: Cada tres a\u00f1os se realizar\u00e1 una conferencia interamericana sobre temas vinculados con los principios y objetivos de la Entidad. El temario es aprobado por el Comit\u00e9 Ejecutivo, conjuntamente con el Comit\u00e9 Preparatorio designado por el pa\u00eds sede. Podr\u00e1n participar en estos eventos, los juristas adheridos a la A.A.J. o que fueren invitados por el Comit\u00e9 Ejecutivo. b) Encuentros zonales: En cada \u00e1rea podr\u00e1n realizarse encuentros o reuniones zonales para el debate y tratamiento de cuestiones que las afecten. c) Misiones e informes: Puede realizar investigaciones, gestiones, pedidos de informes o cualquier otra actividad tendiente a comprobar y evaluar situaciones concernientes a sus principios y objetivos. d) Centro de estudios: Organizar un Centro de Estudios Jur\u00eddicos y Sociales. e) Relaciones con organizaciones y entidades: Mantener relaciones con todas las entidades y organizaciones internacionales y nacionales que desarrollen su actividad sobre la base de principios y objetivos afines. f) Consultas e informes: Puede evacuar consultas e informes que o\/se le requieran.\n\n<p>&nbsp;<\/p>\n\n<h3>Cap\u00edtulo III. De los Miembros y Organos<\/h3>\n\n<strong>Art\u00edculo 4:<\/strong> La A.A.J. se integra por los juristas de Am\u00e9rica, que acepten los principios y objetivos definidos en este Estatuto.\n<br>\n<strong>Art\u00edculo 5:<\/strong> Organizaciones adherentes: El Comit\u00e9 Ejecutivo, en consulta con la respectiva rama nacional, en su caso, podr\u00e1 aceptar la adhesi\u00f3n a la A.A.J. de entidades gremiales e instituciones representativas de juristas que acepten expresamente sus principios y objetivos.\n<br>\n<strong>Art\u00edculo 6:<\/strong> Los \u00f3rganos de la A.A.J. son: a) La Asamblea General. b) Las Asambleas de Ramas Nacionales. c) El Comit\u00e9 Ejecutivo. d) Las Ramas Nacionales. e) El Consejo Consultivo\n\n<p>&nbsp;<\/p>\n\n<h3>Cap\u00edtulo IV. De la Asamblea<\/h3>\n\n<strong>Art\u00edculo 7:<\/strong> La Asamblea es el \u00f3rgano supremo de la Asociaci\u00f3n y sus resoluciones y acuerdos son obligatorias para los dem\u00e1s \u00f3rganos y los miembros de la A.A.J., y son adoptadas por simple mayor\u00eda de votos. Se computar\u00e1 un solo voto por cada rama nacional, o por mayor\u00eda de los miembros individuales de un pa\u00eds. Compete en particular a la Asamblea: a) Aprobar la memoria e informe que presente el Comit\u00e9 Ejecutivo. b) Determinar la pol\u00edtica y actividades para el pr\u00f3ximo per\u00edodo. c) Elegir el Presidente y el Comit\u00e9 Ejecutivo de la Entidad para el siguiente per\u00edodo. Todos los cargos se eligen y recaen sobre personas determinadas. Los presidentes de las ramas nacionales o los representantes designados por las delegaciones de cada pa\u00eds, pueden proponer candidatos para los distintos cargos del Comit\u00e9 Ejecutivo. En caso de fallecimiento, renuncia, impedimento permanente o licencia de alguna de las personas electas, la Asamblea de Ramas Nacionales podr\u00e1 designar el reemplazante, hasta completar el mandato o mientras dure el per\u00edodo de licencia. d) Aprobar el plan de trabajo y el presupuesto de la Asociaci\u00f3n. e) Fijar el importe de la contribuci\u00f3n anual que deben abonar los miembros.\n<br>\n<strong>Art\u00edculo 8:<\/strong> Las sesiones ordinarias de la Asamblea se celebran contempor\u00e1neamente con las de las Conferencias.\n<br>\n<strong>Art\u00edculo 9:<\/strong> Las sesiones extraordinarias de la Asamblea son convocadas por el Comit\u00e9 Ejecutivo, por iniciativa propia o a pedido de las ramas nacionales que alcancen un tercio de las existentes. Las convocatorias deben en este caso ejecutarse con una anticipaci\u00f3n no menor de treinta d\u00edas y en ellas se expresar\u00e1 la fecha, el lugar y los asuntos a tratar.\n\n<p>&nbsp;<\/p>\n\n<h3>Cap\u00edtulo V. De las Asambleas de Ramas Nacionales<\/h3>\n\n<strong>Art\u00edculo 10:<\/strong> Corresponde a las Asambleas de Ramas Nacionales: a) Cumplir y hacer cumplir, por conducto del Comit\u00e9 Ejecutivo, las resoluciones y acuerdos de la Asamblea y de las Conferencias. b) Decidir sobre cuestiones fundamentales de la Asociaci\u00f3n entre Asamblea y Asamblea. c) Elaborar los proyectos del plan de Trabajo y de Presupuesto de la Asociaci\u00f3n y someterlos a la Asamblea para su aprobaci\u00f3n.\n<br>\n<strong>Art\u00edculo 11:<\/strong> La Asamblea de Ramas Nacionales se re\u00fane por lo menos una vez al a\u00f1o y sesiona con los miembros que concurran a la reuni\u00f3n debidamente convocada. Las decisiones se adoptar\u00e1n por mayor\u00eda simple de los miembros presentes. En caso de empate decidir\u00e1 el Presidente.\n\n<p>&nbsp;<\/p>\n\n<h3>Cap\u00edtulo VI. Del Comit\u00e9 Ejecutivo<\/h3>\n\n<strong>Art\u00edculo 12:<\/strong> El Comit\u00e9 Ejecutivo se integra por el Presidente, el Vicepresidente Primero, los Vicepresidentes , el Secretario General , el Secretario General Adjunto, el Presidente del Consejo Consultivo, y los Coordinadores Regionales y\/o Nacionales y\/o temas especificos.que designe la Asamblea. Entre Asamblea y Asamblea el Comit\u00e9 Ejecutivo est\u00e1 facultado para designar los Coordinadores que estime necesarios, ad referendum de la pr\u00f3xima Asamblea de Ramas Nacionales.\n<br>\n<strong>Art\u00edculo 13:<\/strong> El Comit\u00e9 Ejecutivo se re\u00fane en forma ordinaria dos veces al a\u00f1o y con car\u00e1cter extraordinario cuando asuntos de trascendencia lo hagan necesario, convocados en ambos casos por el Presidente. Las reuniones extraordinarias tambi\u00e9n podr\u00e1n ser convocadas a petici\u00f3n de tres de sus miembros.\n<br>\n<strong>Art\u00edculo 14:<\/strong> El Comi\u00e9 Ejecutivo sesiona por lo menos con cuatro de sus miembros y sus decisiones se adoptan por mayor\u00eda simple de votos de los miembros presentes. En caso de empate el Presidente decide con voto de calidad.\n<br>\n<strong>Art\u00edculo 15:<\/strong> Corresponde al Comit\u00e9 Ejecutivo: a) Tomar las decisiones que se requieran para hacer efectivo el cumplimiento de los acuerdos de las Asambleas, de las Conferencias y de los Encuentros Zonales. b) Orientar y controlar el trabajo de las ramas nacionales. c) Elaborar los anteproyectos de Plan de Trabajo y de Presupuesto de la Asociaci\u00f3n y elevarlos al conocimiento de las Asambleas. d) Publicar las resoluciones y acuerdos de la Asambleas, de las Conferencias y los encuentros zonales. e) Designar la direcci\u00f3n del Centro de Estudios Jur\u00eddicos y Sociales, y de la Revista. f) Desarrollar las iniciativas que surjan de los principios y objetivos de la Entidad, difundiendo los mismos. g) Preparar la memoria o informe que someter\u00eda consideraci\u00f3n de la Asamblea. h) Mantener estrecho contacto con las entidades, organizaciones o movimientos nacionales e internacionales cuyos objetivos sean afines a los de la A.A.J. i) Designar las personas para la realizaci\u00f3n de investigaciones, gestiones o cualquier otra actividad tendiente a evaluar situaciones concernientes a los principios y objetivos de la Entidad.\n<br>\n<strong>Art\u00edculo 16:<\/strong> El Presidente es el representante legal de la A.A.J. y responde por el cumplimiento de sus atribuciones y deberes ante las Asambleas.\n\n<p>&nbsp;<\/p>\n\n<h3>Cap\u00edtulo VII. De las Ramas Nacionales<\/h3>\n\n<strong>Art\u00edculo 17:<\/strong> En cada pa\u00eds los miembros pueden constitur una rama nacional de la A.A.J., la cual dicta su reglamento en concordancia con este Estatuto. Cuando en alg\u00fan pa\u00eds existan s\u00f3lo filiales en provincias, estados o regi\u00f3n, sin llegar a constituir una Rama Nacional, o \u00e9sta no funciona normalmente, el Comit\u00e9 Ejecutivo puede otorgarle a una filial o a determinados miembros individuales las facultades de las ramas nacionales. En los casos de existencia de varias filiales de un mismo pa\u00eds, estas deber\u00e1n unificar representaci\u00f3n a los efectos de las Asambleas de la A.A.J.\n<br>\n<strong>Art\u00edculo 18:<\/strong> Las ramas nacionales ejercen las siguientes funciones: a) Ejecutar y divulgar las resoluciones y acuerdos adoptados por la Asamblea, por las Conferencias, Encuentros Zonales y las misiones y informes aprobados por el Comit\u00e9 Ejecutivo. b) Proponer al Comit\u00e9 Ejecutivo la realizaci\u00f3n de misiones, informes y encuentros zonales, indicando en tal caso el temario de los mismos. c) Toda otra funci\u00f3n que surja de este Estatuto o que se corresponda con sus principios y objetivos.\n\n<p>&nbsp;<\/p>\n\n<h3>Cap\u00edtulo VIII . Del Consejo Consultivo<\/h3>\n\n<strong>Art\u00edculo 19:<\/strong> El Consejo Consultivo se constituye por un Presidente y los miembros que designe en cada oportunidad la Asamblea y el Comit\u00e9 Ejecutivo entre las sesiones de aquella.\n<br>\n<strong>Art\u00edculo 20:<\/strong> Son funciones de los miembros del Consejo Consultivo: a) evacuar las consultas que les formule el Comit\u00e9 Ejecutivo o el Presidente de la A.A.J., a trav\u00e9s del Presidente del Consejo. b) formular las propuestas que consideren convenientes para el cumplimiento de los principios y objetivos de la entidad. c) colaborar en la Revista de la A.A.J. Cap\u00edtulo IX.Otras disposiciones.\n<br>\n<strong>Art\u00edculo 21:<\/strong> La A.A.J. podr\u00e1 recibir contribuciones extraordinarias de sus miembros o de terceras personas, y de las ramas nacionales.\n<br>\n<strong>Art\u00edculo 22:<\/strong> Este Estatuto podr\u00e1 ser modificado por el voto conforme de las dos terceras partes de las ramas nacionales presentes y votantes.\n\n<p>&nbsp;<\/p>\n<p>&nbsp;<\/p>\t\t\t\t\t\t\t\t<\/div>\n\t\t\t\t<\/div>\n\t\t\t\t<\/div>\n\t\t<div class=\"elementor-element elementor-element-75412ec e-con-full e-flex e-con e-child\" data-id=\"75412ec\" data-element_type=\"container\">\n\t\t\t\t<\/div>\n\t\t\t\t<\/div>\n\t\t\t\t<\/div>\n\t\t","protected":false},"excerpt":{"rendered":"<p>ESTATUTO &nbsp; Cap\u00edtulo I. De los Principios y Objetivos Art\u00edculo 1: La Asociaci\u00f3n Americana de Juristas se rige por el presente Estatuto. Art\u00edculo 2: Son principios y objetivos de la Asociaci\u00f3n Americana de Juristas: a) La lucha por la autodeterminaci\u00f3n de los pueblos, la plena independencia econ\u00f3mica y la soberan\u00eda del Estado sobre sus riquezas&hellip;&nbsp;<a href=\"https:\/\/asociacionamericanadejuristas.org\/web\/estatuto\/\" rel=\"bookmark\"><span class=\"screen-reader-text\">Estatuto<\/span><\/a><\/p>\n","protected":false},"author":2,"featured_media":0,"parent":0,"menu_order":0,"comment_status":"closed","ping_status":"closed","template":"page-templates\/template-pagebuilder-full-width.php","meta":{"neve_meta_sidebar":"","neve_meta_container":"","neve_meta_enable_content_width":"off","neve_meta_content_width":100,"neve_meta_title_alignment":"","neve_meta_author_avatar":"","neve_post_elements_order":"","neve_meta_disable_header":"","neve_meta_disable_footer":"","neve_meta_disable_title":"","footnotes":""},"class_list":["post-425","page","type-page","status-publish","hentry"],"yoast_head":"<!-- This site is optimized with the Yoast SEO plugin v26.4 - https:\/\/yoast.com\/wordpress\/plugins\/seo\/ -->\n<title>Estatuto - Asociaci\u00f3n Americana de Juristas<\/title>\n<meta name=\"robots\" content=\"index, follow, max-snippet:-1, max-image-preview:large, max-video-preview:-1\" \/>\n<link rel=\"canonical\" href=\"https:\/\/asociacionamericanadejuristas.org\/web\/estatuto\/\" \/>\n<meta property=\"og:locale\" content=\"es_ES\" \/>\n<meta property=\"og:type\" content=\"article\" \/>\n<meta property=\"og:title\" content=\"Estatuto - Asociaci\u00f3n Americana de Juristas\" \/>\n<meta property=\"og:description\" content=\"ESTATUTO &nbsp; Cap\u00edtulo I. De los Principios y Objetivos Art\u00edculo 1: La Asociaci\u00f3n Americana de Juristas se rige por el presente Estatuto. Art\u00edculo 2: Son principios y objetivos de la Asociaci\u00f3n Americana de Juristas: a) La lucha por la autodeterminaci\u00f3n de los pueblos, la plena independencia econ\u00f3mica y la soberan\u00eda del Estado sobre sus riquezas&hellip;&nbsp;Estatuto\" \/>\n<meta property=\"og:url\" content=\"https:\/\/asociacionamericanadejuristas.org\/web\/estatuto\/\" \/>\n<meta property=\"og:site_name\" content=\"Asociaci\u00f3n Americana de Juristas\" \/>\n<meta property=\"article:modified_time\" content=\"2024-01-16T16:04:26+00:00\" \/>\n<meta name=\"twitter:card\" content=\"summary_large_image\" \/>\n<meta name=\"twitter:label1\" content=\"Tiempo de lectura\" \/>\n\t<meta name=\"twitter:data1\" content=\"9 minutos\" \/>\n<script type=\"application\/ld+json\" class=\"yoast-schema-graph\">{\"@context\":\"https:\/\/schema.org\",\"@graph\":[{\"@type\":\"WebPage\",\"@id\":\"https:\/\/asociacionamericanadejuristas.org\/web\/estatuto\/\",\"url\":\"https:\/\/asociacionamericanadejuristas.org\/web\/estatuto\/\",\"name\":\"Estatuto - Asociaci\u00f3n Americana de Juristas\",\"isPartOf\":{\"@id\":\"https:\/\/asociacionamericanadejuristas.org\/web\/#website\"},\"datePublished\":\"2024-01-10T12:10:38+00:00\",\"dateModified\":\"2024-01-16T16:04:26+00:00\",\"breadcrumb\":{\"@id\":\"https:\/\/asociacionamericanadejuristas.org\/web\/estatuto\/#breadcrumb\"},\"inLanguage\":\"es\",\"potentialAction\":[{\"@type\":\"ReadAction\",\"target\":[\"https:\/\/asociacionamericanadejuristas.org\/web\/estatuto\/\"]}]},{\"@type\":\"BreadcrumbList\",\"@id\":\"https:\/\/asociacionamericanadejuristas.org\/web\/estatuto\/#breadcrumb\",\"itemListElement\":[{\"@type\":\"ListItem\",\"position\":1,\"name\":\"Portada\",\"item\":\"https:\/\/asociacionamericanadejuristas.org\/web\/\"},{\"@type\":\"ListItem\",\"position\":2,\"name\":\"Estatuto\"}]},{\"@type\":\"WebSite\",\"@id\":\"https:\/\/asociacionamericanadejuristas.org\/web\/#website\",\"url\":\"https:\/\/asociacionamericanadejuristas.org\/web\/\",\"name\":\"Asociaci\u00f3n Americana de Juristas\",\"description\":\"Organizaci\u00f3n no Gubernamental con Estado Consultivo ante la O.N.U.\",\"publisher\":{\"@id\":\"https:\/\/asociacionamericanadejuristas.org\/web\/#organization\"},\"potentialAction\":[{\"@type\":\"SearchAction\",\"target\":{\"@type\":\"EntryPoint\",\"urlTemplate\":\"https:\/\/asociacionamericanadejuristas.org\/web\/?s={search_term_string}\"},\"query-input\":{\"@type\":\"PropertyValueSpecification\",\"valueRequired\":true,\"valueName\":\"search_term_string\"}}],\"inLanguage\":\"es\"},{\"@type\":\"Organization\",\"@id\":\"https:\/\/asociacionamericanadejuristas.org\/web\/#organization\",\"name\":\"Asociaci\u00f3n Americana de Juristas\",\"url\":\"https:\/\/asociacionamericanadejuristas.org\/web\/\",\"logo\":{\"@type\":\"ImageObject\",\"inLanguage\":\"es\",\"@id\":\"https:\/\/asociacionamericanadejuristas.org\/web\/#\/schema\/logo\/image\/\",\"url\":\"https:\/\/asociacionamericanadejuristas.org\/web\/wp-content\/uploads\/2024\/01\/logo-aaj_prueba.svg\",\"contentUrl\":\"https:\/\/asociacionamericanadejuristas.org\/web\/wp-content\/uploads\/2024\/01\/logo-aaj_prueba.svg\",\"width\":400,\"height\":75,\"caption\":\"Asociaci\u00f3n Americana de Juristas\"},\"image\":{\"@id\":\"https:\/\/asociacionamericanadejuristas.org\/web\/#\/schema\/logo\/image\/\"}}]}<\/script>\n<!-- \/ Yoast SEO plugin. -->","yoast_head_json":{"title":"Estatuto - Asociaci\u00f3n Americana de Juristas","robots":{"index":"index","follow":"follow","max-snippet":"max-snippet:-1","max-image-preview":"max-image-preview:large","max-video-preview":"max-video-preview:-1"},"canonical":"https:\/\/asociacionamericanadejuristas.org\/web\/estatuto\/","og_locale":"es_ES","og_type":"article","og_title":"Estatuto - Asociaci\u00f3n Americana de Juristas","og_description":"ESTATUTO &nbsp; Cap\u00edtulo I. De los Principios y Objetivos Art\u00edculo 1: La Asociaci\u00f3n Americana de Juristas se rige por el presente Estatuto. Art\u00edculo 2: Son principios y objetivos de la Asociaci\u00f3n Americana de Juristas: a) La lucha por la autodeterminaci\u00f3n de los pueblos, la plena independencia econ\u00f3mica y la soberan\u00eda del Estado sobre sus riquezas&hellip;&nbsp;Estatuto","og_url":"https:\/\/asociacionamericanadejuristas.org\/web\/estatuto\/","og_site_name":"Asociaci\u00f3n Americana de Juristas","article_modified_time":"2024-01-16T16:04:26+00:00","twitter_card":"summary_large_image","twitter_misc":{"Tiempo de lectura":"9 minutos"},"schema":{"@context":"https:\/\/schema.org","@graph":[{"@type":"WebPage","@id":"https:\/\/asociacionamericanadejuristas.org\/web\/estatuto\/","url":"https:\/\/asociacionamericanadejuristas.org\/web\/estatuto\/","name":"Estatuto - Asociaci\u00f3n Americana de Juristas","isPartOf":{"@id":"https:\/\/asociacionamericanadejuristas.org\/web\/#website"},"datePublished":"2024-01-10T12:10:38+00:00","dateModified":"2024-01-16T16:04:26+00:00","breadcrumb":{"@id":"https:\/\/asociacionamericanadejuristas.org\/web\/estatuto\/#breadcrumb"},"inLanguage":"es","potentialAction":[{"@type":"ReadAction","target":["https:\/\/asociacionamericanadejuristas.org\/web\/estatuto\/"]}]},{"@type":"BreadcrumbList","@id":"https:\/\/asociacionamericanadejuristas.org\/web\/estatuto\/#breadcrumb","itemListElement":[{"@type":"ListItem","position":1,"name":"Portada","item":"https:\/\/asociacionamericanadejuristas.org\/web\/"},{"@type":"ListItem","position":2,"name":"Estatuto"}]},{"@type":"WebSite","@id":"https:\/\/asociacionamericanadejuristas.org\/web\/#website","url":"https:\/\/asociacionamericanadejuristas.org\/web\/","name":"Asociaci\u00f3n Americana de Juristas","description":"Organizaci\u00f3n no Gubernamental con Estado Consultivo ante la O.N.U.","publisher":{"@id":"https:\/\/asociacionamericanadejuristas.org\/web\/#organization"},"potentialAction":[{"@type":"SearchAction","target":{"@type":"EntryPoint","urlTemplate":"https:\/\/asociacionamericanadejuristas.org\/web\/?s={search_term_string}"},"query-input":{"@type":"PropertyValueSpecification","valueRequired":true,"valueName":"search_term_string"}}],"inLanguage":"es"},{"@type":"Organization","@id":"https:\/\/asociacionamericanadejuristas.org\/web\/#organization","name":"Asociaci\u00f3n Americana de Juristas","url":"https:\/\/asociacionamericanadejuristas.org\/web\/","logo":{"@type":"ImageObject","inLanguage":"es","@id":"https:\/\/asociacionamericanadejuristas.org\/web\/#\/schema\/logo\/image\/","url":"https:\/\/asociacionamericanadejuristas.org\/web\/wp-content\/uploads\/2024\/01\/logo-aaj_prueba.svg","contentUrl":"https:\/\/asociacionamericanadejuristas.org\/web\/wp-content\/uploads\/2024\/01\/logo-aaj_prueba.svg","width":400,"height":75,"caption":"Asociaci\u00f3n Americana de Juristas"},"image":{"@id":"https:\/\/asociacionamericanadejuristas.org\/web\/#\/schema\/logo\/image\/"}}]}},"_links":{"self":[{"href":"https:\/\/asociacionamericanadejuristas.org\/web\/wp-json\/wp\/v2\/pages\/425","targetHints":{"allow":["GET"]}}],"collection":[{"href":"https:\/\/asociacionamericanadejuristas.org\/web\/wp-json\/wp\/v2\/pages"}],"about":[{"href":"https:\/\/asociacionamericanadejuristas.org\/web\/wp-json\/wp\/v2\/types\/page"}],"author":[{"embeddable":true,"href":"https:\/\/asociacionamericanadejuristas.org\/web\/wp-json\/wp\/v2\/users\/2"}],"replies":[{"embeddable":true,"href":"https:\/\/asociacionamericanadejuristas.org\/web\/wp-json\/wp\/v2\/comments?post=425"}],"version-history":[{"count":31,"href":"https:\/\/asociacionamericanadejuristas.org\/web\/wp-json\/wp\/v2\/pages\/425\/revisions"}],"predecessor-version":[{"id":1085,"href":"https:\/\/asociacionamericanadejuristas.org\/web\/wp-json\/wp\/v2\/pages\/425\/revisions\/1085"}],"wp:attachment":[{"href":"https:\/\/asociacionamericanadejuristas.org\/web\/wp-json\/wp\/v2\/media?parent=425"}],"curies":[{"name":"wp","href":"https:\/\/api.w.org\/{rel}","templated":true}]}}