{"id":2624,"date":"2024-12-29T14:59:43","date_gmt":"2024-12-29T14:59:43","guid":{"rendered":"https:\/\/asociacionamericanadejuristas.org\/web\/?page_id=2624"},"modified":"2025-03-03T15:04:18","modified_gmt":"2025-03-03T15:04:18","slug":"panama","status":"publish","type":"page","link":"https:\/\/asociacionamericanadejuristas.org\/web\/panama\/","title":{"rendered":"PANAM\u00c1"},"content":{"rendered":"<p><a href=\"https:\/\/asociacionamericanadejuristas.org\/web\/wp-content\/uploads\/2025\/03\/Declaracion-de-la-AAJ-reafirmando-soberania-de-Panama.pdf\">Declaraci\u00f3n de la AAJ reafirmando soberan\u00eda de Panam\u00e1<\/a><\/p>\n","protected":false},"excerpt":{"rendered":"<p>Declaraci\u00f3n de la AAJ reafirmando soberan\u00eda de Panam\u00e1<\/p>\n","protected":false},"author":2,"featured_media":0,"parent":0,"menu_order":0,"comment_status":"closed","ping_status":"closed","template":"","meta":{"neve_meta_sidebar":"","neve_meta_container":"","neve_meta_enable_content_width":"off","neve_meta_content_width":100,"neve_meta_title_alignment":"","neve_meta_author_avatar":"","neve_post_elements_order":"","neve_meta_disable_header":"","neve_meta_disable_footer":"","neve_meta_disable_title":"","footnotes":""},"class_list":["post-2624","page","type-page","status-publish","hentry"],"yoast_head":"<!-- This site is optimized with the Yoast SEO plugin v26.4 - https:\/\/yoast.com\/wordpress\/plugins\/seo\/ -->\n<title>PANAM\u00c1 - Asociaci\u00f3n Americana de Juristas<\/title>\n<meta name=\"robots\" content=\"index, follow, max-snippet:-1, max-image-preview:large, max-video-preview:-1\" \/>\n<link rel=\"canonical\" href=\"https:\/\/asociacionamericanadejuristas.org\/web\/panama\/\" \/>\n<meta property=\"og:locale\" content=\"es_ES\" \/>\n<meta property=\"og:type\" content=\"article\" \/>\n<meta property=\"og:title\" content=\"PANAM\u00c1 - Asociaci\u00f3n Americana de Juristas\" \/>\n<meta property=\"og:description\" content=\"Declaraci\u00f3n de la AAJ reafirmando soberan\u00eda de Panam\u00e1\" \/>\n<meta property=\"og:url\" content=\"https:\/\/asociacionamericanadejuristas.org\/web\/panama\/\" \/>\n<meta property=\"og:site_name\" content=\"Asociaci\u00f3n Americana de Juristas\" \/>\n<meta property=\"article:modified_time\" content=\"2025-03-03T15:04:18+00:00\" \/>\n<meta name=\"twitter:card\" content=\"summary_large_image\" \/>\n<meta name=\"twitter:label1\" content=\"Tiempo de lectura\" \/>\n\t<meta name=\"twitter:data1\" content=\"1 minuto\" \/>\n<script type=\"application\/ld+json\" class=\"yoast-schema-graph\">{\"@context\":\"https:\/\/schema.org\",\"@graph\":[{\"@type\":\"WebPage\",\"@id\":\"https:\/\/asociacionamericanadejuristas.org\/web\/panama\/\",\"url\":\"https:\/\/asociacionamericanadejuristas.org\/web\/panama\/\",\"name\":\"PANAM\u00c1 - Asociaci\u00f3n Americana de Juristas\",\"isPartOf\":{\"@id\":\"https:\/\/asociacionamericanadejuristas.org\/web\/#website\"},\"datePublished\":\"2024-12-29T14:59:43+00:00\",\"dateModified\":\"2025-03-03T15:04:18+00:00\",\"breadcrumb\":{\"@id\":\"https:\/\/asociacionamericanadejuristas.org\/web\/panama\/#breadcrumb\"},\"inLanguage\":\"es\",\"potentialAction\":[{\"@type\":\"ReadAction\",\"target\":[\"https:\/\/asociacionamericanadejuristas.org\/web\/panama\/\"]}]},{\"@type\":\"BreadcrumbList\",\"@id\":\"https:\/\/asociacionamericanadejuristas.org\/web\/panama\/#breadcrumb\",\"itemListElement\":[{\"@type\":\"ListItem\",\"position\":1,\"name\":\"Portada\",\"item\":\"https:\/\/asociacionamericanadejuristas.org\/web\/\"},{\"@type\":\"ListItem\",\"position\":2,\"name\":\"PANAM\u00c1\"}]},{\"@type\":\"WebSite\",\"@id\":\"https:\/\/asociacionamericanadejuristas.org\/web\/#website\",\"url\":\"https:\/\/asociacionamericanadejuristas.org\/web\/\",\"name\":\"Asociaci\u00f3n Americana de Juristas\",\"description\":\"Organizaci\u00f3n no Gubernamental con Estado Consultivo ante la O.N.U.\",\"publisher\":{\"@id\":\"https:\/\/asociacionamericanadejuristas.org\/web\/#organization\"},\"potentialAction\":[{\"@type\":\"SearchAction\",\"target\":{\"@type\":\"EntryPoint\",\"urlTemplate\":\"https:\/\/asociacionamericanadejuristas.org\/web\/?s={search_term_string}\"},\"query-input\":{\"@type\":\"PropertyValueSpecification\",\"valueRequired\":true,\"valueName\":\"search_term_string\"}}],\"inLanguage\":\"es\"},{\"@type\":\"Organization\",\"@id\":\"https:\/\/asociacionamericanadejuristas.org\/web\/#organization\",\"name\":\"Asociaci\u00f3n Americana de Juristas\",\"url\":\"https:\/\/asociacionamericanadejuristas.org\/web\/\",\"logo\":{\"@type\":\"ImageObject\",\"inLanguage\":\"es\",\"@id\":\"https:\/\/asociacionamericanadejuristas.org\/web\/#\/schema\/logo\/image\/\",\"url\":\"https:\/\/asociacionamericanadejuristas.org\/web\/wp-content\/uploads\/2024\/01\/logo-aaj_prueba.svg\",\"contentUrl\":\"https:\/\/asociacionamericanadejuristas.org\/web\/wp-content\/uploads\/2024\/01\/logo-aaj_prueba.svg\",\"width\":400,\"height\":75,\"caption\":\"Asociaci\u00f3n Americana de Juristas\"},\"image\":{\"@id\":\"https:\/\/asociacionamericanadejuristas.org\/web\/#\/schema\/logo\/image\/\"}}]}<\/script>\n<!-- \/ Yoast SEO plugin. -->","yoast_head_json":{"title":"PANAM\u00c1 - Asociaci\u00f3n Americana de Juristas","robots":{"index":"index","follow":"follow","max-snippet":"max-snippet:-1","max-image-preview":"max-image-preview:large","max-video-preview":"max-video-preview:-1"},"canonical":"https:\/\/asociacionamericanadejuristas.org\/web\/panama\/","og_locale":"es_ES","og_type":"article","og_title":"PANAM\u00c1 - Asociaci\u00f3n Americana de Juristas","og_description":"Declaraci\u00f3n de la AAJ reafirmando soberan\u00eda de Panam\u00e1","og_url":"https:\/\/asociacionamericanadejuristas.org\/web\/panama\/","og_site_name":"Asociaci\u00f3n Americana de Juristas","article_modified_time":"2025-03-03T15:04:18+00:00","twitter_card":"summary_large_image","twitter_misc":{"Tiempo de lectura":"1 minuto"},"schema":{"@context":"https:\/\/schema.org","@graph":[{"@type":"WebPage","@id":"https:\/\/asociacionamericanadejuristas.org\/web\/panama\/","url":"https:\/\/asociacionamericanadejuristas.org\/web\/panama\/","name":"PANAM\u00c1 - Asociaci\u00f3n Americana de Juristas","isPartOf":{"@id":"https:\/\/asociacionamericanadejuristas.org\/web\/#website"},"datePublished":"2024-12-29T14:59:43+00:00","dateModified":"2025-03-03T15:04:18+00:00","breadcrumb":{"@id":"https:\/\/asociacionamericanadejuristas.org\/web\/panama\/#breadcrumb"},"inLanguage":"es","potentialAction":[{"@type":"ReadAction","target":["https:\/\/asociacionamericanadejuristas.org\/web\/panama\/"]}]},{"@type":"BreadcrumbList","@id":"https:\/\/asociacionamericanadejuristas.org\/web\/panama\/#breadcrumb","itemListElement":[{"@type":"ListItem","position":1,"name":"Portada","item":"https:\/\/asociacionamericanadejuristas.org\/web\/"},{"@type":"ListItem","position":2,"name":"PANAM\u00c1"}]},{"@type":"WebSite","@id":"https:\/\/asociacionamericanadejuristas.org\/web\/#website","url":"https:\/\/asociacionamericanadejuristas.org\/web\/","name":"Asociaci\u00f3n Americana de Juristas","description":"Organizaci\u00f3n no Gubernamental con Estado Consultivo ante la O.N.U.","publisher":{"@id":"https:\/\/asociacionamericanadejuristas.org\/web\/#organization"},"potentialAction":[{"@type":"SearchAction","target":{"@type":"EntryPoint","urlTemplate":"https:\/\/asociacionamericanadejuristas.org\/web\/?s={search_term_string}"},"query-input":{"@type":"PropertyValueSpecification","valueRequired":true,"valueName":"search_term_string"}}],"inLanguage":"es"},{"@type":"Organization","@id":"https:\/\/asociacionamericanadejuristas.org\/web\/#organization","name":"Asociaci\u00f3n Americana de Juristas","url":"https:\/\/asociacionamericanadejuristas.org\/web\/","logo":{"@type":"ImageObject","inLanguage":"es","@id":"https:\/\/asociacionamericanadejuristas.org\/web\/#\/schema\/logo\/image\/","url":"https:\/\/asociacionamericanadejuristas.org\/web\/wp-content\/uploads\/2024\/01\/logo-aaj_prueba.svg","contentUrl":"https:\/\/asociacionamericanadejuristas.org\/web\/wp-content\/uploads\/2024\/01\/logo-aaj_prueba.svg","width":400,"height":75,"caption":"Asociaci\u00f3n Americana de Juristas"},"image":{"@id":"https:\/\/asociacionamericanadejuristas.org\/web\/#\/schema\/logo\/image\/"}}]}},"_links":{"self":[{"href":"https:\/\/asociacionamericanadejuristas.org\/web\/wp-json\/wp\/v2\/pages\/2624","targetHints":{"allow":["GET"]}}],"collection":[{"href":"https:\/\/asociacionamericanadejuristas.org\/web\/wp-json\/wp\/v2\/pages"}],"about":[{"href":"https:\/\/asociacionamericanadejuristas.org\/web\/wp-json\/wp\/v2\/types\/page"}],"author":[{"embeddable":true,"href":"https:\/\/asociacionamericanadejuristas.org\/web\/wp-json\/wp\/v2\/users\/2"}],"replies":[{"embeddable":true,"href":"https:\/\/asociacionamericanadejuristas.org\/web\/wp-json\/wp\/v2\/comments?post=2624"}],"version-history":[{"count":1,"href":"https:\/\/asociacionamericanadejuristas.org\/web\/wp-json\/wp\/v2\/pages\/2624\/revisions"}],"predecessor-version":[{"id":2626,"href":"https:\/\/asociacionamericanadejuristas.org\/web\/wp-json\/wp\/v2\/pages\/2624\/revisions\/2626"}],"wp:attachment":[{"href":"https:\/\/asociacionamericanadejuristas.org\/web\/wp-json\/wp\/v2\/media?parent=2624"}],"curies":[{"name":"wp","href":"https:\/\/api.w.org\/{rel}","templated":true}]}}