{"id":1441,"date":"2024-01-21T16:04:43","date_gmt":"2024-01-21T16:04:43","guid":{"rendered":"https:\/\/asociacionamericanadejuristas.org\/web\/?page_id=1441"},"modified":"2024-01-21T16:20:15","modified_gmt":"2024-01-21T16:20:15","slug":"un-dialogo-entre-espana-y-argentina","status":"publish","type":"page","link":"https:\/\/asociacionamericanadejuristas.org\/web\/un-dialogo-entre-espana-y-argentina\/","title":{"rendered":"Un di\u00e1logo entre Espa\u00f1a y Argentina"},"content":{"rendered":"\t\t<div data-elementor-type=\"wp-page\" data-elementor-id=\"1441\" class=\"elementor elementor-1441\">\n\t\t\t\t<div class=\"elementor-element elementor-element-03e01bd e-flex e-con-boxed e-con e-parent\" data-id=\"03e01bd\" data-element_type=\"container\">\n\t\t\t\t\t<div class=\"e-con-inner\">\n\t\t<div class=\"elementor-element elementor-element-af81d19 e-con-full e-flex e-con e-child\" data-id=\"af81d19\" data-element_type=\"container\">\n\t\t\t\t<\/div>\n\t\t<div class=\"elementor-element elementor-element-0f00694 e-con-full e-flex e-con e-child\" data-id=\"0f00694\" data-element_type=\"container\">\n\t\t\t\t<div class=\"elementor-element elementor-element-53d9c7f elementor-widget elementor-widget-text-editor\" data-id=\"53d9c7f\" data-element_type=\"widget\" data-widget_type=\"text-editor.default\">\n\t\t\t\t<div class=\"elementor-widget-container\">\n\t\t\t\t\t\t\t\t\tMemoria y Justicia\n<h3>Un di\u00e1logo entre Espa\u00f1a y Argentina<\/h3>\nA 13 a\u00f1os de la querella argentina contra los cr\u00edmenes del franquismo\t\t\t\t\t\t\t\t<\/div>\n\t\t\t\t<\/div>\n\t\t\t\t<\/div>\n\t\t<div class=\"elementor-element elementor-element-dfdf28f e-con-full e-flex e-con e-child\" data-id=\"dfdf28f\" data-element_type=\"container\">\n\t\t\t\t<\/div>\n\t\t\t\t\t<\/div>\n\t\t\t\t<\/div>\n\t\t<div class=\"elementor-element elementor-element-89352df e-flex e-con-boxed e-con e-parent\" data-id=\"89352df\" data-element_type=\"container\">\n\t\t\t\t\t<div class=\"e-con-inner\">\n\t\t<div class=\"elementor-element elementor-element-ad04b02 e-con-full e-flex e-con e-child\" data-id=\"ad04b02\" data-element_type=\"container\">\n\t\t\t\t<\/div>\n\t\t<div class=\"elementor-element elementor-element-e351098 e-con-full e-flex e-con e-child\" data-id=\"e351098\" data-element_type=\"container\">\n\t\t\t\t<div class=\"elementor-element elementor-element-3a1a0a9 elementor-widget elementor-widget-image\" data-id=\"3a1a0a9\" data-element_type=\"widget\" data-widget_type=\"image.default\">\n\t\t\t\t<div class=\"elementor-widget-container\">\n\t\t\t\t\t\t\t\t\t\t\t\t\t\t\t<img fetchpriority=\"high\" decoding=\"async\" width=\"1024\" height=\"797\" src=\"https:\/\/asociacionamericanadejuristas.org\/web\/wp-content\/uploads\/2024\/01\/memoria-justicia-espana-argentina-01-1024x797.jpg\" class=\"attachment-large size-large wp-image-1450\" alt=\"\" srcset=\"https:\/\/asociacionamericanadejuristas.org\/web\/wp-content\/uploads\/2024\/01\/memoria-justicia-espana-argentina-01-1024x797.jpg 1024w, https:\/\/asociacionamericanadejuristas.org\/web\/wp-content\/uploads\/2024\/01\/memoria-justicia-espana-argentina-01-300x233.jpg 300w, https:\/\/asociacionamericanadejuristas.org\/web\/wp-content\/uploads\/2024\/01\/memoria-justicia-espana-argentina-01-768x598.jpg 768w, https:\/\/asociacionamericanadejuristas.org\/web\/wp-content\/uploads\/2024\/01\/memoria-justicia-espana-argentina-01-1536x1195.jpg 1536w, https:\/\/asociacionamericanadejuristas.org\/web\/wp-content\/uploads\/2024\/01\/memoria-justicia-espana-argentina-01.jpg 1600w\" sizes=\"(max-width: 1024px) 100vw, 1024px\" \/>\t\t\t\t\t\t\t\t\t\t\t\t\t\t\t<\/div>\n\t\t\t\t<\/div>\n\t\t\t\t<\/div>\n\t\t<div class=\"elementor-element elementor-element-13f114b e-con-full e-flex e-con e-child\" data-id=\"13f114b\" data-element_type=\"container\">\n\t\t\t\t<\/div>\n\t\t\t\t\t<\/div>\n\t\t\t\t<\/div>\n\t\t<div class=\"elementor-element elementor-element-ce89304 e-flex e-con-boxed e-con e-parent\" data-id=\"ce89304\" data-element_type=\"container\">\n\t\t\t\t\t<div class=\"e-con-inner\">\n\t\t<div class=\"elementor-element elementor-element-f3cb97f e-con-full e-flex e-con e-child\" data-id=\"f3cb97f\" data-element_type=\"container\">\n\t\t\t\t<\/div>\n\t\t<div class=\"elementor-element elementor-element-8794a97 e-con-full e-flex e-con e-child\" data-id=\"8794a97\" data-element_type=\"container\">\n\t\t\t\t<div class=\"elementor-element elementor-element-ccacbc8 gallery-spacing-custom elementor-widget elementor-widget-image-gallery\" data-id=\"ccacbc8\" data-element_type=\"widget\" data-widget_type=\"image-gallery.default\">\n\t\t\t\t<div class=\"elementor-widget-container\">\n\t\t\t\t\t\t\t<div class=\"elementor-image-gallery\">\n\t\t\t<div id='gallery-1' class='gallery galleryid-1441 gallery-columns-3 gallery-size-medium'><figure class='gallery-item'>\n\t\t\t<div class='gallery-icon landscape'>\n\t\t\t\t<a data-elementor-open-lightbox=\"yes\" data-elementor-lightbox-slideshow=\"ccacbc8\" data-elementor-lightbox-title=\"memoria-justicia-espana-argentina-06\" data-e-action-hash=\"#elementor-action%3Aaction%3Dlightbox%26settings%3DeyJpZCI6MTQ1NiwidXJsIjoiaHR0cHM6XC9cL2Fzb2NpYWNpb25hbWVyaWNhbmFkZWp1cmlzdGFzLm9yZ1wvd2ViXC93cC1jb250ZW50XC91cGxvYWRzXC8yMDI0XC8wMVwvbWVtb3JpYS1qdXN0aWNpYS1lc3BhbmEtYXJnZW50aW5hLTA2LmpwZyIsInNsaWRlc2hvdyI6ImNjYWNiYzgifQ%3D%3D\" href='https:\/\/asociacionamericanadejuristas.org\/web\/wp-content\/uploads\/2024\/01\/memoria-justicia-espana-argentina-06.jpg'><img decoding=\"async\" width=\"300\" height=\"225\" src=\"https:\/\/asociacionamericanadejuristas.org\/web\/wp-content\/uploads\/2024\/01\/memoria-justicia-espana-argentina-06-300x225.jpg\" class=\"attachment-medium size-medium\" alt=\"\" srcset=\"https:\/\/asociacionamericanadejuristas.org\/web\/wp-content\/uploads\/2024\/01\/memoria-justicia-espana-argentina-06-300x225.jpg 300w, https:\/\/asociacionamericanadejuristas.org\/web\/wp-content\/uploads\/2024\/01\/memoria-justicia-espana-argentina-06-1024x768.jpg 1024w, https:\/\/asociacionamericanadejuristas.org\/web\/wp-content\/uploads\/2024\/01\/memoria-justicia-espana-argentina-06-768x576.jpg 768w, https:\/\/asociacionamericanadejuristas.org\/web\/wp-content\/uploads\/2024\/01\/memoria-justicia-espana-argentina-06-1536x1152.jpg 1536w, https:\/\/asociacionamericanadejuristas.org\/web\/wp-content\/uploads\/2024\/01\/memoria-justicia-espana-argentina-06.jpg 2048w\" sizes=\"(max-width: 300px) 100vw, 300px\" \/><\/a>\n\t\t\t<\/div><\/figure><figure class='gallery-item'>\n\t\t\t<div class='gallery-icon landscape'>\n\t\t\t\t<a data-elementor-open-lightbox=\"yes\" data-elementor-lightbox-slideshow=\"ccacbc8\" data-elementor-lightbox-title=\"memoria-justicia-espana-argentina-05\" data-e-action-hash=\"#elementor-action%3Aaction%3Dlightbox%26settings%3DeyJpZCI6MTQ1NSwidXJsIjoiaHR0cHM6XC9cL2Fzb2NpYWNpb25hbWVyaWNhbmFkZWp1cmlzdGFzLm9yZ1wvd2ViXC93cC1jb250ZW50XC91cGxvYWRzXC8yMDI0XC8wMVwvbWVtb3JpYS1qdXN0aWNpYS1lc3BhbmEtYXJnZW50aW5hLTA1LmpwZyIsInNsaWRlc2hvdyI6ImNjYWNiYzgifQ%3D%3D\" href='https:\/\/asociacionamericanadejuristas.org\/web\/wp-content\/uploads\/2024\/01\/memoria-justicia-espana-argentina-05.jpg'><img decoding=\"async\" width=\"300\" height=\"225\" src=\"https:\/\/asociacionamericanadejuristas.org\/web\/wp-content\/uploads\/2024\/01\/memoria-justicia-espana-argentina-05-300x225.jpg\" class=\"attachment-medium size-medium\" alt=\"\" srcset=\"https:\/\/asociacionamericanadejuristas.org\/web\/wp-content\/uploads\/2024\/01\/memoria-justicia-espana-argentina-05-300x225.jpg 300w, https:\/\/asociacionamericanadejuristas.org\/web\/wp-content\/uploads\/2024\/01\/memoria-justicia-espana-argentina-05-1024x768.jpg 1024w, https:\/\/asociacionamericanadejuristas.org\/web\/wp-content\/uploads\/2024\/01\/memoria-justicia-espana-argentina-05-768x576.jpg 768w, https:\/\/asociacionamericanadejuristas.org\/web\/wp-content\/uploads\/2024\/01\/memoria-justicia-espana-argentina-05-1536x1152.jpg 1536w, https:\/\/asociacionamericanadejuristas.org\/web\/wp-content\/uploads\/2024\/01\/memoria-justicia-espana-argentina-05.jpg 2048w\" sizes=\"(max-width: 300px) 100vw, 300px\" \/><\/a>\n\t\t\t<\/div><\/figure><figure class='gallery-item'>\n\t\t\t<div class='gallery-icon landscape'>\n\t\t\t\t<a data-elementor-open-lightbox=\"yes\" data-elementor-lightbox-slideshow=\"ccacbc8\" data-elementor-lightbox-title=\"memoria-justicia-espana-argentina-04\" data-e-action-hash=\"#elementor-action%3Aaction%3Dlightbox%26settings%3DeyJpZCI6MTQ1NCwidXJsIjoiaHR0cHM6XC9cL2Fzb2NpYWNpb25hbWVyaWNhbmFkZWp1cmlzdGFzLm9yZ1wvd2ViXC93cC1jb250ZW50XC91cGxvYWRzXC8yMDI0XC8wMVwvbWVtb3JpYS1qdXN0aWNpYS1lc3BhbmEtYXJnZW50aW5hLTA0LmpwZyIsInNsaWRlc2hvdyI6ImNjYWNiYzgifQ%3D%3D\" href='https:\/\/asociacionamericanadejuristas.org\/web\/wp-content\/uploads\/2024\/01\/memoria-justicia-espana-argentina-04.jpg'><img loading=\"lazy\" decoding=\"async\" width=\"300\" height=\"225\" src=\"https:\/\/asociacionamericanadejuristas.org\/web\/wp-content\/uploads\/2024\/01\/memoria-justicia-espana-argentina-04-300x225.jpg\" class=\"attachment-medium size-medium\" alt=\"\" srcset=\"https:\/\/asociacionamericanadejuristas.org\/web\/wp-content\/uploads\/2024\/01\/memoria-justicia-espana-argentina-04-300x225.jpg 300w, https:\/\/asociacionamericanadejuristas.org\/web\/wp-content\/uploads\/2024\/01\/memoria-justicia-espana-argentina-04-1024x768.jpg 1024w, https:\/\/asociacionamericanadejuristas.org\/web\/wp-content\/uploads\/2024\/01\/memoria-justicia-espana-argentina-04-768x576.jpg 768w, https:\/\/asociacionamericanadejuristas.org\/web\/wp-content\/uploads\/2024\/01\/memoria-justicia-espana-argentina-04-1536x1152.jpg 1536w, https:\/\/asociacionamericanadejuristas.org\/web\/wp-content\/uploads\/2024\/01\/memoria-justicia-espana-argentina-04.jpg 2048w\" sizes=\"(max-width: 300px) 100vw, 300px\" \/><\/a>\n\t\t\t<\/div><\/figure><figure class='gallery-item'>\n\t\t\t<div class='gallery-icon landscape'>\n\t\t\t\t<a data-elementor-open-lightbox=\"yes\" data-elementor-lightbox-slideshow=\"ccacbc8\" data-elementor-lightbox-title=\"memoria-justicia-espana-argentina-03\" data-e-action-hash=\"#elementor-action%3Aaction%3Dlightbox%26settings%3DeyJpZCI6MTQ1MywidXJsIjoiaHR0cHM6XC9cL2Fzb2NpYWNpb25hbWVyaWNhbmFkZWp1cmlzdGFzLm9yZ1wvd2ViXC93cC1jb250ZW50XC91cGxvYWRzXC8yMDI0XC8wMVwvbWVtb3JpYS1qdXN0aWNpYS1lc3BhbmEtYXJnZW50aW5hLTAzLmpwZyIsInNsaWRlc2hvdyI6ImNjYWNiYzgifQ%3D%3D\" href='https:\/\/asociacionamericanadejuristas.org\/web\/wp-content\/uploads\/2024\/01\/memoria-justicia-espana-argentina-03.jpg'><img loading=\"lazy\" decoding=\"async\" width=\"300\" height=\"225\" src=\"https:\/\/asociacionamericanadejuristas.org\/web\/wp-content\/uploads\/2024\/01\/memoria-justicia-espana-argentina-03-300x225.jpg\" class=\"attachment-medium size-medium\" alt=\"\" srcset=\"https:\/\/asociacionamericanadejuristas.org\/web\/wp-content\/uploads\/2024\/01\/memoria-justicia-espana-argentina-03-300x225.jpg 300w, https:\/\/asociacionamericanadejuristas.org\/web\/wp-content\/uploads\/2024\/01\/memoria-justicia-espana-argentina-03-1024x768.jpg 1024w, https:\/\/asociacionamericanadejuristas.org\/web\/wp-content\/uploads\/2024\/01\/memoria-justicia-espana-argentina-03-768x576.jpg 768w, https:\/\/asociacionamericanadejuristas.org\/web\/wp-content\/uploads\/2024\/01\/memoria-justicia-espana-argentina-03-1536x1152.jpg 1536w, https:\/\/asociacionamericanadejuristas.org\/web\/wp-content\/uploads\/2024\/01\/memoria-justicia-espana-argentina-03.jpg 2048w\" sizes=\"(max-width: 300px) 100vw, 300px\" \/><\/a>\n\t\t\t<\/div><\/figure><figure class='gallery-item'>\n\t\t\t<div class='gallery-icon landscape'>\n\t\t\t\t<a data-elementor-open-lightbox=\"yes\" data-elementor-lightbox-slideshow=\"ccacbc8\" data-elementor-lightbox-title=\"memoria-justicia-espana-argentina-02\" data-e-action-hash=\"#elementor-action%3Aaction%3Dlightbox%26settings%3DeyJpZCI6MTQ1MiwidXJsIjoiaHR0cHM6XC9cL2Fzb2NpYWNpb25hbWVyaWNhbmFkZWp1cmlzdGFzLm9yZ1wvd2ViXC93cC1jb250ZW50XC91cGxvYWRzXC8yMDI0XC8wMVwvbWVtb3JpYS1qdXN0aWNpYS1lc3BhbmEtYXJnZW50aW5hLTAyLTIuanBnIiwic2xpZGVzaG93IjoiY2NhY2JjOCJ9\" href='https:\/\/asociacionamericanadejuristas.org\/web\/wp-content\/uploads\/2024\/01\/memoria-justicia-espana-argentina-02-2.jpg'><img loading=\"lazy\" decoding=\"async\" width=\"300\" height=\"225\" src=\"https:\/\/asociacionamericanadejuristas.org\/web\/wp-content\/uploads\/2024\/01\/memoria-justicia-espana-argentina-02-2-300x225.jpg\" class=\"attachment-medium size-medium\" alt=\"\" srcset=\"https:\/\/asociacionamericanadejuristas.org\/web\/wp-content\/uploads\/2024\/01\/memoria-justicia-espana-argentina-02-2-300x225.jpg 300w, https:\/\/asociacionamericanadejuristas.org\/web\/wp-content\/uploads\/2024\/01\/memoria-justicia-espana-argentina-02-2-1024x768.jpg 1024w, https:\/\/asociacionamericanadejuristas.org\/web\/wp-content\/uploads\/2024\/01\/memoria-justicia-espana-argentina-02-2-768x576.jpg 768w, https:\/\/asociacionamericanadejuristas.org\/web\/wp-content\/uploads\/2024\/01\/memoria-justicia-espana-argentina-02-2-1536x1152.jpg 1536w, https:\/\/asociacionamericanadejuristas.org\/web\/wp-content\/uploads\/2024\/01\/memoria-justicia-espana-argentina-02-2.jpg 2048w\" sizes=\"(max-width: 300px) 100vw, 300px\" \/><\/a>\n\t\t\t<\/div><\/figure><figure class='gallery-item'>\n\t\t\t<div class='gallery-icon landscape'>\n\t\t\t\t<a data-elementor-open-lightbox=\"yes\" data-elementor-lightbox-slideshow=\"ccacbc8\" data-elementor-lightbox-title=\"350109490_1421925051956229_6129818569306160044_n\" data-e-action-hash=\"#elementor-action%3Aaction%3Dlightbox%26settings%3DeyJpZCI6MTQ0OSwidXJsIjoiaHR0cHM6XC9cL2Fzb2NpYWNpb25hbWVyaWNhbmFkZWp1cmlzdGFzLm9yZ1wvd2ViXC93cC1jb250ZW50XC91cGxvYWRzXC8yMDI0XC8wMVwvMzUwMTA5NDkwXzE0MjE5MjUwNTE5NTYyMjlfNjEyOTgxODU2OTMwNjE2MDA0NF9uLmpwZyIsInNsaWRlc2hvdyI6ImNjYWNiYzgifQ%3D%3D\" href='https:\/\/asociacionamericanadejuristas.org\/web\/wp-content\/uploads\/2024\/01\/350109490_1421925051956229_6129818569306160044_n.jpg'><img loading=\"lazy\" decoding=\"async\" width=\"300\" height=\"169\" src=\"https:\/\/asociacionamericanadejuristas.org\/web\/wp-content\/uploads\/2024\/01\/350109490_1421925051956229_6129818569306160044_n-300x169.jpg\" class=\"attachment-medium size-medium\" alt=\"\" srcset=\"https:\/\/asociacionamericanadejuristas.org\/web\/wp-content\/uploads\/2024\/01\/350109490_1421925051956229_6129818569306160044_n-300x169.jpg 300w, https:\/\/asociacionamericanadejuristas.org\/web\/wp-content\/uploads\/2024\/01\/350109490_1421925051956229_6129818569306160044_n-1024x576.jpg 1024w, https:\/\/asociacionamericanadejuristas.org\/web\/wp-content\/uploads\/2024\/01\/350109490_1421925051956229_6129818569306160044_n-768x432.jpg 768w, https:\/\/asociacionamericanadejuristas.org\/web\/wp-content\/uploads\/2024\/01\/350109490_1421925051956229_6129818569306160044_n.jpg 1067w\" sizes=\"(max-width: 300px) 100vw, 300px\" \/><\/a>\n\t\t\t<\/div><\/figure>\n\t\t<\/div>\n\t\t<\/div>\n\t\t\t\t\t\t<\/div>\n\t\t\t\t<\/div>\n\t\t\t\t<\/div>\n\t\t<div class=\"elementor-element elementor-element-8144afe e-con-full e-flex e-con e-child\" data-id=\"8144afe\" data-element_type=\"container\">\n\t\t\t\t<\/div>\n\t\t\t\t\t<\/div>\n\t\t\t\t<\/div>\n\t\t\t\t<\/div>\n\t\t","protected":false},"excerpt":{"rendered":"<p>Memoria y Justicia Un di\u00e1logo entre Espa\u00f1a y Argentina A 13 a\u00f1os de la querella argentina contra los cr\u00edmenes del franquismo<\/p>\n","protected":false},"author":2,"featured_media":0,"parent":0,"menu_order":0,"comment_status":"closed","ping_status":"closed","template":"page-templates\/template-pagebuilder-full-width.php","meta":{"neve_meta_sidebar":"","neve_meta_container":"","neve_meta_enable_content_width":"off","neve_meta_content_width":100,"neve_meta_title_alignment":"","neve_meta_author_avatar":"","neve_post_elements_order":"","neve_meta_disable_header":"","neve_meta_disable_footer":"","neve_meta_disable_title":"","footnotes":""},"class_list":["post-1441","page","type-page","status-publish","hentry"],"yoast_head":"<!-- This site is optimized with the Yoast SEO plugin v26.4 - https:\/\/yoast.com\/wordpress\/plugins\/seo\/ -->\n<title>Un di\u00e1logo entre Espa\u00f1a y Argentina - Asociaci\u00f3n Americana de Juristas<\/title>\n<meta name=\"robots\" content=\"index, follow, max-snippet:-1, max-image-preview:large, max-video-preview:-1\" \/>\n<link rel=\"canonical\" href=\"https:\/\/asociacionamericanadejuristas.org\/web\/un-dialogo-entre-espana-y-argentina\/\" \/>\n<meta property=\"og:locale\" content=\"es_ES\" \/>\n<meta property=\"og:type\" content=\"article\" \/>\n<meta property=\"og:title\" content=\"Un di\u00e1logo entre Espa\u00f1a y Argentina - Asociaci\u00f3n Americana de Juristas\" \/>\n<meta property=\"og:description\" content=\"Memoria y Justicia Un di\u00e1logo entre Espa\u00f1a y Argentina A 13 a\u00f1os de la querella argentina contra los cr\u00edmenes del franquismo\" \/>\n<meta property=\"og:url\" content=\"https:\/\/asociacionamericanadejuristas.org\/web\/un-dialogo-entre-espana-y-argentina\/\" \/>\n<meta property=\"og:site_name\" content=\"Asociaci\u00f3n Americana de Juristas\" \/>\n<meta property=\"article:modified_time\" content=\"2024-01-21T16:20:15+00:00\" \/>\n<meta property=\"og:image\" content=\"https:\/\/asociacionamericanadejuristas.org\/web\/wp-content\/uploads\/2024\/01\/memoria-justicia-espana-argentina-01-1024x797.jpg\" \/>\n<meta name=\"twitter:card\" content=\"summary_large_image\" \/>\n<script type=\"application\/ld+json\" class=\"yoast-schema-graph\">{\"@context\":\"https:\/\/schema.org\",\"@graph\":[{\"@type\":\"WebPage\",\"@id\":\"https:\/\/asociacionamericanadejuristas.org\/web\/un-dialogo-entre-espana-y-argentina\/\",\"url\":\"https:\/\/asociacionamericanadejuristas.org\/web\/un-dialogo-entre-espana-y-argentina\/\",\"name\":\"Un di\u00e1logo entre Espa\u00f1a y Argentina - Asociaci\u00f3n Americana de Juristas\",\"isPartOf\":{\"@id\":\"https:\/\/asociacionamericanadejuristas.org\/web\/#website\"},\"primaryImageOfPage\":{\"@id\":\"https:\/\/asociacionamericanadejuristas.org\/web\/un-dialogo-entre-espana-y-argentina\/#primaryimage\"},\"image\":{\"@id\":\"https:\/\/asociacionamericanadejuristas.org\/web\/un-dialogo-entre-espana-y-argentina\/#primaryimage\"},\"thumbnailUrl\":\"https:\/\/asociacionamericanadejuristas.org\/web\/wp-content\/uploads\/2024\/01\/memoria-justicia-espana-argentina-01-1024x797.jpg\",\"datePublished\":\"2024-01-21T16:04:43+00:00\",\"dateModified\":\"2024-01-21T16:20:15+00:00\",\"breadcrumb\":{\"@id\":\"https:\/\/asociacionamericanadejuristas.org\/web\/un-dialogo-entre-espana-y-argentina\/#breadcrumb\"},\"inLanguage\":\"es\",\"potentialAction\":[{\"@type\":\"ReadAction\",\"target\":[\"https:\/\/asociacionamericanadejuristas.org\/web\/un-dialogo-entre-espana-y-argentina\/\"]}]},{\"@type\":\"ImageObject\",\"inLanguage\":\"es\",\"@id\":\"https:\/\/asociacionamericanadejuristas.org\/web\/un-dialogo-entre-espana-y-argentina\/#primaryimage\",\"url\":\"https:\/\/asociacionamericanadejuristas.org\/web\/wp-content\/uploads\/2024\/01\/memoria-justicia-espana-argentina-01.jpg\",\"contentUrl\":\"https:\/\/asociacionamericanadejuristas.org\/web\/wp-content\/uploads\/2024\/01\/memoria-justicia-espana-argentina-01.jpg\",\"width\":1600,\"height\":1245},{\"@type\":\"BreadcrumbList\",\"@id\":\"https:\/\/asociacionamericanadejuristas.org\/web\/un-dialogo-entre-espana-y-argentina\/#breadcrumb\",\"itemListElement\":[{\"@type\":\"ListItem\",\"position\":1,\"name\":\"Portada\",\"item\":\"https:\/\/asociacionamericanadejuristas.org\/web\/\"},{\"@type\":\"ListItem\",\"position\":2,\"name\":\"Un di\u00e1logo entre Espa\u00f1a y Argentina\"}]},{\"@type\":\"WebSite\",\"@id\":\"https:\/\/asociacionamericanadejuristas.org\/web\/#website\",\"url\":\"https:\/\/asociacionamericanadejuristas.org\/web\/\",\"name\":\"Asociaci\u00f3n Americana de Juristas\",\"description\":\"Organizaci\u00f3n no Gubernamental con Estado Consultivo ante la O.N.U.\",\"publisher\":{\"@id\":\"https:\/\/asociacionamericanadejuristas.org\/web\/#organization\"},\"potentialAction\":[{\"@type\":\"SearchAction\",\"target\":{\"@type\":\"EntryPoint\",\"urlTemplate\":\"https:\/\/asociacionamericanadejuristas.org\/web\/?s={search_term_string}\"},\"query-input\":{\"@type\":\"PropertyValueSpecification\",\"valueRequired\":true,\"valueName\":\"search_term_string\"}}],\"inLanguage\":\"es\"},{\"@type\":\"Organization\",\"@id\":\"https:\/\/asociacionamericanadejuristas.org\/web\/#organization\",\"name\":\"Asociaci\u00f3n Americana de Juristas\",\"url\":\"https:\/\/asociacionamericanadejuristas.org\/web\/\",\"logo\":{\"@type\":\"ImageObject\",\"inLanguage\":\"es\",\"@id\":\"https:\/\/asociacionamericanadejuristas.org\/web\/#\/schema\/logo\/image\/\",\"url\":\"https:\/\/asociacionamericanadejuristas.org\/web\/wp-content\/uploads\/2024\/01\/logo-aaj_prueba.svg\",\"contentUrl\":\"https:\/\/asociacionamericanadejuristas.org\/web\/wp-content\/uploads\/2024\/01\/logo-aaj_prueba.svg\",\"width\":400,\"height\":75,\"caption\":\"Asociaci\u00f3n Americana de Juristas\"},\"image\":{\"@id\":\"https:\/\/asociacionamericanadejuristas.org\/web\/#\/schema\/logo\/image\/\"}}]}<\/script>\n<!-- \/ Yoast SEO plugin. -->","yoast_head_json":{"title":"Un di\u00e1logo entre Espa\u00f1a y Argentina - Asociaci\u00f3n Americana de Juristas","robots":{"index":"index","follow":"follow","max-snippet":"max-snippet:-1","max-image-preview":"max-image-preview:large","max-video-preview":"max-video-preview:-1"},"canonical":"https:\/\/asociacionamericanadejuristas.org\/web\/un-dialogo-entre-espana-y-argentina\/","og_locale":"es_ES","og_type":"article","og_title":"Un di\u00e1logo entre Espa\u00f1a y Argentina - Asociaci\u00f3n Americana de Juristas","og_description":"Memoria y Justicia Un di\u00e1logo entre Espa\u00f1a y Argentina A 13 a\u00f1os de la querella argentina contra los cr\u00edmenes del franquismo","og_url":"https:\/\/asociacionamericanadejuristas.org\/web\/un-dialogo-entre-espana-y-argentina\/","og_site_name":"Asociaci\u00f3n Americana de Juristas","article_modified_time":"2024-01-21T16:20:15+00:00","og_image":[{"url":"https:\/\/asociacionamericanadejuristas.org\/web\/wp-content\/uploads\/2024\/01\/memoria-justicia-espana-argentina-01-1024x797.jpg","type":"","width":"","height":""}],"twitter_card":"summary_large_image","schema":{"@context":"https:\/\/schema.org","@graph":[{"@type":"WebPage","@id":"https:\/\/asociacionamericanadejuristas.org\/web\/un-dialogo-entre-espana-y-argentina\/","url":"https:\/\/asociacionamericanadejuristas.org\/web\/un-dialogo-entre-espana-y-argentina\/","name":"Un di\u00e1logo entre Espa\u00f1a y Argentina - Asociaci\u00f3n Americana de Juristas","isPartOf":{"@id":"https:\/\/asociacionamericanadejuristas.org\/web\/#website"},"primaryImageOfPage":{"@id":"https:\/\/asociacionamericanadejuristas.org\/web\/un-dialogo-entre-espana-y-argentina\/#primaryimage"},"image":{"@id":"https:\/\/asociacionamericanadejuristas.org\/web\/un-dialogo-entre-espana-y-argentina\/#primaryimage"},"thumbnailUrl":"https:\/\/asociacionamericanadejuristas.org\/web\/wp-content\/uploads\/2024\/01\/memoria-justicia-espana-argentina-01-1024x797.jpg","datePublished":"2024-01-21T16:04:43+00:00","dateModified":"2024-01-21T16:20:15+00:00","breadcrumb":{"@id":"https:\/\/asociacionamericanadejuristas.org\/web\/un-dialogo-entre-espana-y-argentina\/#breadcrumb"},"inLanguage":"es","potentialAction":[{"@type":"ReadAction","target":["https:\/\/asociacionamericanadejuristas.org\/web\/un-dialogo-entre-espana-y-argentina\/"]}]},{"@type":"ImageObject","inLanguage":"es","@id":"https:\/\/asociacionamericanadejuristas.org\/web\/un-dialogo-entre-espana-y-argentina\/#primaryimage","url":"https:\/\/asociacionamericanadejuristas.org\/web\/wp-content\/uploads\/2024\/01\/memoria-justicia-espana-argentina-01.jpg","contentUrl":"https:\/\/asociacionamericanadejuristas.org\/web\/wp-content\/uploads\/2024\/01\/memoria-justicia-espana-argentina-01.jpg","width":1600,"height":1245},{"@type":"BreadcrumbList","@id":"https:\/\/asociacionamericanadejuristas.org\/web\/un-dialogo-entre-espana-y-argentina\/#breadcrumb","itemListElement":[{"@type":"ListItem","position":1,"name":"Portada","item":"https:\/\/asociacionamericanadejuristas.org\/web\/"},{"@type":"ListItem","position":2,"name":"Un di\u00e1logo entre Espa\u00f1a y Argentina"}]},{"@type":"WebSite","@id":"https:\/\/asociacionamericanadejuristas.org\/web\/#website","url":"https:\/\/asociacionamericanadejuristas.org\/web\/","name":"Asociaci\u00f3n Americana de Juristas","description":"Organizaci\u00f3n no Gubernamental con Estado Consultivo ante la O.N.U.","publisher":{"@id":"https:\/\/asociacionamericanadejuristas.org\/web\/#organization"},"potentialAction":[{"@type":"SearchAction","target":{"@type":"EntryPoint","urlTemplate":"https:\/\/asociacionamericanadejuristas.org\/web\/?s={search_term_string}"},"query-input":{"@type":"PropertyValueSpecification","valueRequired":true,"valueName":"search_term_string"}}],"inLanguage":"es"},{"@type":"Organization","@id":"https:\/\/asociacionamericanadejuristas.org\/web\/#organization","name":"Asociaci\u00f3n Americana de Juristas","url":"https:\/\/asociacionamericanadejuristas.org\/web\/","logo":{"@type":"ImageObject","inLanguage":"es","@id":"https:\/\/asociacionamericanadejuristas.org\/web\/#\/schema\/logo\/image\/","url":"https:\/\/asociacionamericanadejuristas.org\/web\/wp-content\/uploads\/2024\/01\/logo-aaj_prueba.svg","contentUrl":"https:\/\/asociacionamericanadejuristas.org\/web\/wp-content\/uploads\/2024\/01\/logo-aaj_prueba.svg","width":400,"height":75,"caption":"Asociaci\u00f3n Americana de Juristas"},"image":{"@id":"https:\/\/asociacionamericanadejuristas.org\/web\/#\/schema\/logo\/image\/"}}]}},"_links":{"self":[{"href":"https:\/\/asociacionamericanadejuristas.org\/web\/wp-json\/wp\/v2\/pages\/1441","targetHints":{"allow":["GET"]}}],"collection":[{"href":"https:\/\/asociacionamericanadejuristas.org\/web\/wp-json\/wp\/v2\/pages"}],"about":[{"href":"https:\/\/asociacionamericanadejuristas.org\/web\/wp-json\/wp\/v2\/types\/page"}],"author":[{"embeddable":true,"href":"https:\/\/asociacionamericanadejuristas.org\/web\/wp-json\/wp\/v2\/users\/2"}],"replies":[{"embeddable":true,"href":"https:\/\/asociacionamericanadejuristas.org\/web\/wp-json\/wp\/v2\/comments?post=1441"}],"version-history":[{"count":10,"href":"https:\/\/asociacionamericanadejuristas.org\/web\/wp-json\/wp\/v2\/pages\/1441\/revisions"}],"predecessor-version":[{"id":1463,"href":"https:\/\/asociacionamericanadejuristas.org\/web\/wp-json\/wp\/v2\/pages\/1441\/revisions\/1463"}],"wp:attachment":[{"href":"https:\/\/asociacionamericanadejuristas.org\/web\/wp-json\/wp\/v2\/media?parent=1441"}],"curies":[{"name":"wp","href":"https:\/\/api.w.org\/{rel}","templated":true}]}}